{"id":117,"date":"2024-06-30T18:57:30","date_gmt":"2024-06-30T18:57:30","guid":{"rendered":"https:\/\/test.erental.hu\/?page_id=117"},"modified":"2024-06-30T20:21:03","modified_gmt":"2024-06-30T20:21:03","slug":"kapcsolat","status":"publish","type":"page","link":"https:\/\/test.erental.hu\/?page_id=117","title":{"rendered":"KAPCSOLAT"},"content":{"rendered":"\n<p class=\"has-text-align-center\"><\/p>\n\n\n\n<p class=\"has-text-align-center\"><br><strong>Telefon:<\/strong><br>+36-20-550-0069<\/p>\n\n\n\n<p><\/p>\n\n\n\n<p class=\"has-text-align-center\"><strong>E-mail:<\/strong><br>hello@erental.hu<\/p>\n\n\n\n<p><\/p>\n\n\n\n<p class=\"has-text-align-center\"><strong>\u00dczlet:<\/strong><br>1137 Budapest, Radn\u00f3ti Mikl\u00f3s utca 6.<\/p>\n\n\n\n<p><\/p>\n\n\n\n<p class=\"has-text-align-center\"><strong>Nyitvatart\u00e1s:<\/strong><br>H\u00e9tf\u0151t\u0151l-P\u00e9ntekig: 08:00-19:00,<\/p>\n\n\n\n<p><\/p>\n\n\n\n<p class=\"has-text-align-center\"><strong>Ad\u00f3sz\u00e1m:<\/strong><br>13827984-2-42<\/p>\n\n\n\n<p><\/p>\n\n\n\n<p class=\"has-text-align-center\"><strong>\u00dczemeltet\u0151:<\/strong><br>PhotoKing Kft.<\/p>\n\n\n\n<p><\/p>\n\n\n\n<p class=\"has-text-align-center\"><strong>Sz\u00e1mlasz\u00e1m:<\/strong><br>Erste 11600006-00000000-39463445<\/p>\n\n\n\n<div style=\"height:100px\" aria-hidden=\"true\" class=\"wp-block-spacer\"><\/div>\n","protected":false},"excerpt":{"rendered":"<p>Telefon:+36-20-550-0069 E-mail:hello@erental.hu \u00dczlet:1137 Budapest, Radn\u00f3ti Mikl\u00f3s utca 6. Nyitvatart\u00e1s:H\u00e9tf\u0151t\u0151l-P\u00e9ntekig: 08:00-19:00, Ad\u00f3sz\u00e1m:13827984-2-42 \u00dczemeltet\u0151:PhotoKing Kft. Sz\u00e1mlasz\u00e1m:Erste 11600006-00000000-39463445<\/p>\n","protected":false},"author":1,"featured_media":0,"parent":0,"menu_order":0,"comment_status":"closed","ping_status":"closed","template":"","meta":{"footnotes":""},"class_list":["post-117","page","type-page","status-publish","hentry"],"_links":{"self":[{"href":"https:\/\/test.erental.hu\/index.php?rest_route=\/wp\/v2\/pages\/117","targetHints":{"allow":["GET"]}}],"collection":[{"href":"https:\/\/test.erental.hu\/index.php?rest_route=\/wp\/v2\/pages"}],"about":[{"href":"https:\/\/test.erental.hu\/index.php?rest_route=\/wp\/v2\/types\/page"}],"author":[{"embeddable":true,"href":"https:\/\/test.erental.hu\/index.php?rest_route=\/wp\/v2\/users\/1"}],"replies":[{"embeddable":true,"href":"https:\/\/test.erental.hu\/index.php?rest_route=%2Fwp%2Fv2%2Fcomments&post=117"}],"version-history":[{"count":5,"href":"https:\/\/test.erental.hu\/index.php?rest_route=\/wp\/v2\/pages\/117\/revisions"}],"predecessor-version":[{"id":127,"href":"https:\/\/test.erental.hu\/index.php?rest_route=\/wp\/v2\/pages\/117\/revisions\/127"}],"wp:attachment":[{"href":"https:\/\/test.erental.hu\/index.php?rest_route=%2Fwp%2Fv2%2Fmedia&parent=117"}],"curies":[{"name":"wp","href":"https:\/\/api.w.org\/{rel}","templated":true}]}}