{"id":121,"date":"2024-06-30T19:30:13","date_gmt":"2024-06-30T19:30:13","guid":{"rendered":"https:\/\/test.erental.hu\/?page_id=121"},"modified":"2024-07-01T07:24:39","modified_gmt":"2024-07-01T07:24:39","slug":"berlesi-szabalyzat","status":"publish","type":"page","link":"https:\/\/test.erental.hu\/?page_id=121","title":{"rendered":"B\u00c9RL\u00c9SI SZAB\u00c1LYZAT"},"content":{"rendered":"\n<h3 class=\"wp-block-heading\">\u00c1rak<\/h3>\n\n\n\n<p>A felt\u00fcntetett \u00e1rak 24 \u00f3r\u00e1ra vonatkoznak, ha hosszabb id\u0151s\u00e1vot adsz meg, akkor a rendszer automatikusan kisz\u00e1molja a b\u00e9rleti d\u00edjat. Kisebb id\u0151s\u00e1v elsz\u00e1mol\u00e1s\u00e1ra sajnos nem tudunk lehet\u0151s\u00e9get biztos\u00edtani.\u00a0<br>A felt\u00fcntett \u00e1rak nett\u00f3 \u00e1rak, a foglal\u00e1s v\u00e9gleges\u00edt\u00e9s\u00e9n\u00e9l fogod l\u00e1tni a v\u00e9gleges brutt\u00f3 \u00e1rat.<\/p>\n\n\n\n<hr class=\"wp-block-separator has-alpha-channel-opacity is-style-wide\" style=\"margin-top:var(--wp--preset--spacing--30);margin-bottom:var(--wp--preset--spacing--30)\"\/>\n\n\n\n<h3 class=\"wp-block-heading\">Fizet\u00e9s \u00e9s \u00e1tv\u00e9tel<\/h3>\n\n\n\n<p>Szem\u00e9lyes \u00e1tv\u00e9tel:<br>A b\u00e9relt eszk\u00f6z\u00f6ket \u00fczlet\u00fcnkben tudod \u00e1tvenni \u00e9s visszahozni&nbsp;H\u00e9tf\u0151t\u0151l-P\u00e9ntekig 08:00-19:00 k\u00f6z\u00f6tt. Van lehet\u0151s\u00e9g nyitvatart\u00e1si id\u0151n k\u00edv\u00fcli \u00e1tv\u00e9telre is, de ez esetben&nbsp;a foglal\u00e1sn\u00e1l a megjegyz\u00e9s rovatban ezt jelezni kell, hogy koll\u00e9g\u00e1nk felvegye Veled a kapcsolatot.<br>C\u00edm\u00fcnk:&nbsp;1137 Budapest, Radn\u00f3ti Mikl\u00f3s u. 6.<br><br>\u00c1tv\u00e9tel kisz\u00e1ll\u00edt\u00e1ssal:<br>Egyes eszk\u00f6zeinket kisz\u00e1ll\u00edt\u00e1ssal is k\u00e9rheted. Ez minden esetben jelezve van a term\u00e9k f\u0151k\u00e9p\u00e9n \u00e9s adatlapj\u00e1n.<br>(Ha ilyen jelz\u00e9st nem l\u00e1tsz az adott eszk\u00f6z\u00f6n k\u00e9rlek ne add le foglal\u00e1sod kisz\u00e1ll\u00edt\u00e1ssal, mert nem fogjuk tudni teljes\u00edteni!!!)<br>Minimum k\u00e9t napot kell foglalnod, ha ezt a szolg\u00e1ltat\u00e1st szeretn\u00e9d ig\u00e9nybe venni. Az els\u0151 nap lesz az a nap, amikor az eszk\u00f6zt kisz\u00e1ll\u00edtja neked a fut\u00e1rc\u00e9g. Ezt a napot m\u00e1r teljes napnak sz\u00e1moljuk fel. Minden tov\u00e1bbi nap szint\u00e9n felsz\u00e1m\u00edt\u00e1sra ker\u00fcl. A foglal\u00e1sod ut\u00e1ni els\u0151 munkanapon fog \u00e9rkezni a kisz\u00e1ll\u00edt\u00e1si c\u00edmre a fut\u00e1rszolg\u00e1lat, hogy felvegye az eszk\u00f6z\u00f6ket. Ezt a napot m\u00e1r nem sz\u00e1moljuk fel, \u00edgy k\u00e9rj\u00fck ne foglald be a visszasz\u00e1ll\u00edt\u00e1s napj\u00e1t.<br>Az oda-vissza sz\u00e1ll\u00edt\u00e1si d\u00edj k\u00f6lts\u00e9ge 6.000Ft.<\/p>\n\n\n\n<p>Az \u00e1tv\u00e9tel m\u00f3dj\u00e1t a foglal\u00e1sod v\u00e9gleges\u00edt\u00e9s\u00e9n\u00e9l tudod be\u00e1ll\u00edtani.<\/p>\n\n\n\n<p>Fizet\u00e9si m\u00f3dok:<br>Szem\u00e9lyes \u00e1tv\u00e9tel eset\u00e9n az \u00fczletben saj\u00e1t n\u00e9vresz\u00f3l\u00f3 bankk\u00e1rty\u00e1val kell el\u0151re rendezni a b\u00e9rleti d\u00edjat vagy c\u00e9ges \u00c1f\u00e1-s sz\u00e1mla ig\u00e9ny eset\u00e9n c\u00e9ges k\u00e1rty\u00e1t is elfogadunk.<br>Kisz\u00e1ll\u00edt\u00e1s eset\u00e9n csak el\u0151re utal\u00e1ssal lehet fizetni \u00e9s a\u00a0foglal\u00e1s els\u0151 napja el\u0151tt 48 \u00f3r\u00e1val rendezettnek kell lennie. Ha ez nem t\u00f6rt\u00e9nik meg a foglal\u00e1s automatikusan t\u00f6rl\u00e9sre ker\u00fcl!<\/p>\n\n\n\n<p><\/p>\n\n\n\n<hr class=\"wp-block-separator has-alpha-channel-opacity is-style-wide\" style=\"margin-top:var(--wp--preset--spacing--30);margin-bottom:var(--wp--preset--spacing--30)\"\/>\n\n\n\n<h3 class=\"wp-block-heading\">Kauci\u00f3 \u00e9s felel\u0151ss\u00e9gv\u00e1llal\u00e1s<\/h3>\n\n\n\n<p>Kauci\u00f3t az 1 000 000 Ft-t el\u00e9r\u0151, vagy meghalad\u00f3 \u00f6ssz\u00e9rt\u00e9k\u0171 eszk\u00f6z(\u00f6k) b\u00e9rl\u00e9se eset\u00e9n k\u00e9r\u00fcnk. A kauci\u00f3 \u00f6sszege: 1 000 000 Ft (az-az&nbsp;<em>egy milli\u00f3 forint).<\/em><\/p>\n\n\n\n<p>Az 1 000 000,-Ft alatti b\u00e9rl\u00e9sek eset\u00e9n a kauci\u00f3 \u00f6sszege: 500 000,-Ft<\/p>\n\n\n\n<p><strong>FONTOS!:<\/strong><\/p>\n\n\n\n<p>\u2013 Kiz\u00e1r\u00f3lag t\u00f6rzs\u00fcgyfelek r\u00e9sz\u00e9re adunk ki eszk\u00f6z\u00f6ket, a b\u00e9rbe ad\u00e1s jog\u00e1t fenntartjuk, hogy kivel k\u00f6t\u00fcnk b\u00e9rleti szerz\u0151d\u00e9st \u00e9s kivel nem.<br>\u2013 Minden esetben az \u00e1tvev\u0151 szem\u00e9lyigazolv\u00e1ny sz\u00e1m\u00e1t \u00e9s lakc\u00edm\u00e9t meg kell adni a foglal\u00e1sn\u00e1l (C\u00e9ges b\u00e9rl\u00e9s \u00e9s kisz\u00e1ll\u00edt\u00e1s eset\u00e9n is!)<br>\u2013 Minden foglal\u00e1s visszaigazol\u00f3 email tartalmaz egy az \u00e1tvev\u0151 adataival kit\u00f6ltend\u0151 b\u00e9rleti szerz\u0151d\u00e9st, amit al\u00e1\u00edrva vissza kell juttatni hozz\u00e1nk. (kisz\u00e1ll\u00edt\u00e1s eset\u00e9n emailben, szem\u00e9lyes \u00e1tv\u00e9tel eset\u00e9n el\u00e9g \u00e1tv\u00e9telkor szem\u00e9lyesen)<br>\u2013 Az eszk\u00f6z\u00f6k rendeltet\u00e9sszer\u0171 haszn\u00e1lat\u00e1\u00e9rt \u00e9s biztons\u00e1gos sz\u00e1ll\u00edt\u00e1s\u00e1\u00e9rt a b\u00e9rleti szerz\u0151d\u00e9sben szerepl\u0151\u00a0szem\u00e9ly felel. B\u00e1rminem\u0171 k\u00e1r okoz\u00e1sa eset\u00e9n az anyagi felel\u0151ss\u00e9g \u0151t terheli.<\/p>\n\n\n\n<p><\/p>\n\n\n\n<hr class=\"wp-block-separator has-alpha-channel-opacity is-style-wide\" style=\"margin-top:var(--wp--preset--spacing--30);margin-bottom:var(--wp--preset--spacing--30)\"\/>\n\n\n\n<h3 class=\"wp-block-heading\">Kedvezm\u00e9nyek \u00e9s egyedi aj\u00e1nlatok:<\/h3>\n\n\n\n<p>Minden&nbsp;Efoto Klub&nbsp;tagnak nett\u00f3&nbsp;10%-os kedvezm\u00e9nyt biztos\u00edtunk okt\u00f3ber 30.-\u00e1ig!<br>Ha t\u00f6bbet szeretn\u00e9l tudni a klubr\u00f3l \u00e9s a kedvezm\u00e9nyek ig\u00e9nybev\u00e9tel\u00e9r\u0151l kattints az al\u00e1bbi linkre:<br><a href=\"https:\/\/efoto.hu\/hirek-1\/efoto-klub-76\"><\/a><a href=\"https:\/\/efoto.hu\/hirek-1\/efoto-klub-76\"><\/a><a href=\"https:\/\/efoto.hu\/hirek-1\/efoto-klub-76\"><\/a><a href=\"https:\/\/efoto.hu\/hirek-1\/efoto-klub-76\"><\/a><a href=\"https:\/\/efoto.hu\/hirek-1\/efoto-klub-76\">EFOTO Klub&nbsp;<\/a><a href=\"https:\/\/efoto.hu\/hirek-1\/efoto-klub-76\"><u>link<\/u><\/a><\/p>\n\n\n\n<p>Az al\u00e1bbi el\u00e9rhet\u0151s\u00e9geinken lehet\u0151s\u00e9ged van egyedi \u00e1raj\u00e1nlatot k\u00e9rni hosszabbt\u00e1v\u00fa vagy rendszeres b\u00e9rl\u00e9s eset\u00e9n:<br>Email c\u00edm: hello@erental.hu<br>Telefonsz\u00e1m:&nbsp;+36-70-366-7362<br>Szem\u00e9lyesen \u00fczlet\u00fcnkben:&nbsp;1137 Budapest, Radn\u00f3ti Mikl\u00f3s u. 6.<\/p>\n\n\n\n<div style=\"height:100px\" aria-hidden=\"true\" class=\"wp-block-spacer\"><\/div>\n","protected":false},"excerpt":{"rendered":"<p>\u00c1rak A felt\u00fcntetett \u00e1rak 24 \u00f3r\u00e1ra vonatkoznak, ha hosszabb id\u0151s\u00e1vot adsz meg, akkor a rendszer automatikusan kisz\u00e1molja a b\u00e9rleti d\u00edjat. Kisebb id\u0151s\u00e1v elsz\u00e1mol\u00e1s\u00e1ra sajnos nem tudunk lehet\u0151s\u00e9get biztos\u00edtani.\u00a0A felt\u00fcntett \u00e1rak nett\u00f3 \u00e1rak, a foglal\u00e1s v\u00e9gleges\u00edt\u00e9s\u00e9n\u00e9l fogod l\u00e1tni a v\u00e9gleges brutt\u00f3 \u00e1rat. Fizet\u00e9s \u00e9s \u00e1tv\u00e9tel Szem\u00e9lyes \u00e1tv\u00e9tel:A b\u00e9relt eszk\u00f6z\u00f6ket \u00fczlet\u00fcnkben tudod \u00e1tvenni \u00e9s visszahozni&nbsp;H\u00e9tf\u0151t\u0151l-P\u00e9ntekig 08:00-19:00 k\u00f6z\u00f6tt. [&hellip;]<\/p>\n","protected":false},"author":1,"featured_media":0,"parent":0,"menu_order":0,"comment_status":"closed","ping_status":"closed","template":"booqable","meta":{"footnotes":""},"class_list":["post-121","page","type-page","status-publish","hentry"],"_links":{"self":[{"href":"https:\/\/test.erental.hu\/index.php?rest_route=\/wp\/v2\/pages\/121","targetHints":{"allow":["GET"]}}],"collection":[{"href":"https:\/\/test.erental.hu\/index.php?rest_route=\/wp\/v2\/pages"}],"about":[{"href":"https:\/\/test.erental.hu\/index.php?rest_route=\/wp\/v2\/types\/page"}],"author":[{"embeddable":true,"href":"https:\/\/test.erental.hu\/index.php?rest_route=\/wp\/v2\/users\/1"}],"replies":[{"embeddable":true,"href":"https:\/\/test.erental.hu\/index.php?rest_route=%2Fwp%2Fv2%2Fcomments&post=121"}],"version-history":[{"count":6,"href":"https:\/\/test.erental.hu\/index.php?rest_route=\/wp\/v2\/pages\/121\/revisions"}],"predecessor-version":[{"id":160,"href":"https:\/\/test.erental.hu\/index.php?rest_route=\/wp\/v2\/pages\/121\/revisions\/160"}],"wp:attachment":[{"href":"https:\/\/test.erental.hu\/index.php?rest_route=%2Fwp%2Fv2%2Fmedia&parent=121"}],"curies":[{"name":"wp","href":"https:\/\/api.w.org\/{rel}","templated":true}]}}