{"id":49,"date":"2024-06-30T17:30:16","date_gmt":"2024-06-30T17:30:16","guid":{"rendered":"https:\/\/test.erental.hu\/?page_id=49"},"modified":"2024-07-01T07:55:05","modified_gmt":"2024-07-01T07:55:05","slug":"eszkoz-berles","status":"publish","type":"page","link":"https:\/\/test.erental.hu\/?page_id=49","title":{"rendered":"ESZK\u00d6Z B\u00c9RL\u00c9S"},"content":{"rendered":"<p>\u200b<div class=\"booqable-product-list\"      ><\/div><\/p>\n","protected":false},"excerpt":{"rendered":"","protected":false},"author":1,"featured_media":0,"parent":0,"menu_order":0,"comment_status":"closed","ping_status":"closed","template":"","meta":{"footnotes":""},"class_list":["post-49","page","type-page","status-publish","hentry"],"_links":{"self":[{"href":"https:\/\/test.erental.hu\/index.php?rest_route=\/wp\/v2\/pages\/49","targetHints":{"allow":["GET"]}}],"collection":[{"href":"https:\/\/test.erental.hu\/index.php?rest_route=\/wp\/v2\/pages"}],"about":[{"href":"https:\/\/test.erental.hu\/index.php?rest_route=\/wp\/v2\/types\/page"}],"author":[{"embeddable":true,"href":"https:\/\/test.erental.hu\/index.php?rest_route=\/wp\/v2\/users\/1"}],"replies":[{"embeddable":true,"href":"https:\/\/test.erental.hu\/index.php?rest_route=%2Fwp%2Fv2%2Fcomments&post=49"}],"version-history":[{"count":14,"href":"https:\/\/test.erental.hu\/index.php?rest_route=\/wp\/v2\/pages\/49\/revisions"}],"predecessor-version":[{"id":175,"href":"https:\/\/test.erental.hu\/index.php?rest_route=\/wp\/v2\/pages\/49\/revisions\/175"}],"wp:attachment":[{"href":"https:\/\/test.erental.hu\/index.php?rest_route=%2Fwp%2Fv2%2Fmedia&parent=49"}],"curies":[{"name":"wp","href":"https:\/\/api.w.org\/{rel}","templated":true}]}}